{"id":6102,"date":"2020-10-30T06:30:51","date_gmt":"2020-10-30T11:30:51","guid":{"rendered":"http:\/\/bdcl.ca\/a-propos\/"},"modified":"2021-01-15T11:25:35","modified_gmt":"2021-01-15T16:25:35","slug":"about","status":"publish","type":"page","link":"https:\/\/bdcl.ca\/en\/about\/","title":{"rendered":"About"},"content":{"rendered":"<div class=\"wpb-content-wrapper\">[mk_page_section bg_image=&#8221;http:\/\/bdcl.ca\/wp-content\/uploads\/telecommunication-bdc-min-scaled.jpg&#8221; bg_position=&#8221;center center&#8221; bg_repeat=&#8221;no-repeat&#8221; bg_stretch=&#8221;true&#8221; bg_gradient=&#8221;horizontal&#8221; video_color_mask=&#8221;#ffffff&#8221; gr_end=&#8221;rgba(255,255,255,0)&#8221; video_opacity=&#8221;1&#8243; full_width=&#8221;true&#8221; padding_top=&#8221;120&#8243; padding_bottom=&#8221;120&#8243; first_page=&#8221;false&#8221; last_page=&#8221;false&#8221; sidebar=&#8221;sidebar-1&#8243;][vc_column width=&#8221;1\/2&#8243;][mk_fancy_title tag_name=&#8221;h1&#8243; color=&#8221;#1e2d3b&#8221; size=&#8221;48&#8243; force_font_size=&#8221;true&#8221; size_tablet=&#8221;30&#8243; size_phone=&#8221;19&#8243; font_weight=&#8221;bold&#8221; letter_spacing=&#8221;1&#8243; margin_bottom=&#8221;0&#8243; font_family=&#8221;Montserrat&#8221; font_type=&#8221;google&#8221; align=&#8221;center&#8221; drop_shadow=&#8221;true&#8221; shadow_angle=&#8221;0&#8243; shadow_distance=&#8221;0&#8243; shadow_color=&#8221;#ffffff&#8221;]A COMPANY EXPERIENCED IN TELECOMMUNICATION<br \/>\n[\/mk_fancy_title][\/vc_column][vc_column width=&#8221;1\/2&#8243;][\/vc_column][\/mk_page_section][vc_row fullwidth=&#8221;true&#8221; fullwidth_content=&#8221;false&#8221; padding=&#8221;0&#8243; css=&#8221;.vc_custom_1603800887654{padding-top: 0px !important;padding-right: 0px !important;padding-bottom: 0px !important;padding-left: 0px !important;background-color: #f1f1f1 !important;}&#8221;][vc_column width=&#8221;1\/12&#8243;][\/vc_column][vc_column width=&#8221;5\/6&#8243;][mk_fancy_title color=&#8221;#222222&#8243; size=&#8221;48&#8243; force_font_size=&#8221;true&#8221; size_tablet=&#8221;30&#8243; size_phone=&#8221;20&#8243; font_weight=&#8221;bold&#8221; letter_spacing=&#8221;1&#8243; margin_top=&#8221;120&#8243; margin_bottom=&#8221;0&#8243; font_family=&#8221;Montserrat&#8221; font_type=&#8221;google&#8221; align=&#8221;center&#8221;]LEARN MORE ABOUT BDCL[\/mk_fancy_title][vc_column_text disable_pattern=&#8221;false&#8221; align=&#8221;center&#8221; css=&#8221;.vc_custom_1607966515632{margin-bottom: 0px !important;}&#8221;]Since the company was founded in 1990 by Mr. Bertrand Dub\u00e9, BDCL has distinguished itself from all corners of the globe. BDCL has earned the trust of its customers with many major projects here in Canada, Quebec and as well as in European countries.<\/p>\n<p>The company founded by Mr. Bertrand Dub\u00e9 is now run by his son \u00c9ric Dub\u00e9 who, while maintaining the family values of integrity, meticulousness and professionalism continues to offer an unmatched service in the industry.<\/p>\n<blockquote>\n<p style=\"margin: 0 0 10px;\">Today, with more than 30 years of existence, the company&#8217;s vision remains the same; offering a personalized and humane service to our customers!<\/p>\n<p style=\"margin: 0;\"><em><strong style=\"color: #777777;\">\u00c9ric Dub\u00e9<\/strong><br \/>\nPresident<\/em><\/p>\n<\/blockquote>\n[\/vc_column_text][mk_padding_divider size=&#8221;80&#8243;][\/vc_column][vc_column width=&#8221;1\/12&#8243;][\/vc_column][\/vc_row][vc_row fullwidth=&#8221;true&#8221; fullwidth_content=&#8221;false&#8221; padding=&#8221;0&#8243; css=&#8221;.vc_custom_1604059256879{padding-top: 90px !important;padding-right: 0px !important;padding-bottom: 90px !important;padding-left: 0px !important;background-color: #ffffff !important;}&#8221;][vc_column][mk_fancy_title size=&#8221;40&#8243; force_font_size=&#8221;true&#8221; size_smallscreen=&#8221;36&#8243; size_tablet=&#8221;30&#8243; size_phone=&#8221;20&#8243; font_weight=&#8221;bold&#8221; margin_bottom=&#8221;15&#8243; font_family=&#8221;Montserrat&#8221; font_type=&#8221;google&#8221; align=&#8221;center&#8221;]OUR DIFFERENT ACCREDITATIONS<br \/>\nAS A TELECOM CONTRACTOR [\/mk_fancy_title][mk_padding_divider size=&#8221;80&#8243;][vc_row_inner][vc_column_inner width=&#8221;1\/4&#8243;][vc_single_image image=&#8221;5717&#8243; img_size=&#8221;full&#8221; alignment=&#8221;center&#8221;][\/vc_column_inner][vc_column_inner width=&#8221;1\/4&#8243;][vc_single_image image=&#8221;5723&#8243; img_size=&#8221;full&#8221; alignment=&#8221;center&#8221;][\/vc_column_inner][vc_column_inner width=&#8221;1\/4&#8243;][vc_single_image image=&#8221;5721&#8243; img_size=&#8221;full&#8221; alignment=&#8221;center&#8221;][\/vc_column_inner][vc_column_inner width=&#8221;1\/4&#8243;][vc_single_image image=&#8221;5719&#8243; img_size=&#8221;full&#8221; alignment=&#8221;center&#8221;][\/vc_column_inner][\/vc_row_inner][\/vc_column][\/vc_row][mk_page_section bg_image=&#8221;http:\/\/bdcl.ca\/wp-content\/uploads\/service-telecommunication-bdcl-min-scaled.jpg&#8221; bg_color=&#8221;#f1f1f1&#8243; bg_position=&#8221;center center&#8221; bg_repeat=&#8221;no-repeat&#8221; bg_stretch=&#8221;true&#8221; enable_3d=&#8221;true&#8221; video_color_mask=&#8221;#000a26&#8243; min_height=&#8221;0&#8243; padding_top=&#8221;90&#8243; padding_bottom=&#8221;90&#8243; first_page=&#8221;false&#8221; last_page=&#8221;false&#8221; sidebar=&#8221;sidebar-1&#8243;][vc_column][mk_fancy_title color=&#8221;#ffffff&#8221; size=&#8221;40&#8243; force_font_size=&#8221;true&#8221; size_tablet=&#8221;30&#8243; size_phone=&#8221;19&#8243; font_weight=&#8221;bold&#8221; margin_bottom=&#8221;15&#8243; font_family=&#8221;Montserrat&#8221; font_type=&#8221;google&#8221; align=&#8221;center&#8221;]A COMPLETE RANGE OF<br \/>\nTELECOMMUNICATIONS SERVICES[\/mk_fancy_title][mk_fancy_title tag_name=&#8221;span&#8221; color=&#8221;#ffffff&#8221; size=&#8221;18&#8243; font_weight=&#8221;400&#8243; margin_bottom=&#8221;15&#8243; font_family=&#8221;Montserrat&#8221; font_type=&#8221;google&#8221; align=&#8221;center&#8221;]Discover some of our achievements<br \/>\n[\/mk_fancy_title][mk_button dimension=&#8221;flat&#8221; size=&#8221;large&#8221; url=&#8221;\/en\/project-portfolio-clients\/&#8221; align=&#8221;center&#8221; text_color=&#8221;dark&#8221;]SEE OUR PROJECTS[\/mk_button][\/vc_column][\/mk_page_section][mk_page_section bg_color=&#8221;#1e2d3b&#8221; min_height=&#8221;0&#8243; padding_top=&#8221;60&#8243; padding_bottom=&#8221;60&#8243; first_page=&#8221;false&#8221; last_page=&#8221;false&#8221; sidebar=&#8221;sidebar-1&#8243;][vc_column width=&#8221;3\/4&#8243;][mk_fancy_title tag_name=&#8221;h6&#8243; color=&#8221;#ffffff&#8221; size=&#8221;26&#8243; force_font_size=&#8221;true&#8221; size_phone=&#8221;20&#8243; font_weight=&#8221;300&#8243; txt_transform=&#8221;capitalize&#8221; margin_bottom=&#8221;0&#8243; font_family=&#8221;Montserrat&#8221; font_type=&#8221;google&#8221;]ARE YOU LOOKING FOR TELECOMMUNICATION EXPERTS?<br \/>\n[\/mk_fancy_title][\/vc_column][vc_column width=&#8221;1\/4&#8243;][mk_button dimension=&#8221;flat&#8221; size=&#8221;large&#8221; url=&#8221;\/en\/contact\/&#8221; margin_bottom=&#8221;20&#8243; margin_right=&#8221;0&#8243; bg_color=&#8221;#edcd1f&#8221; text_color=&#8221;dark&#8221;]CONTACT US[\/mk_button][\/vc_column][\/mk_page_section]\n<\/div>","protected":false},"excerpt":{"rendered":"<p>[mk_page_section bg_image=&#8221;http:\/\/bdcl.ca\/wp-content\/uploads\/telecommunication-bdc-min-scaled.jpg&#8221; bg_position=&#8221;center center&#8221; bg_repeat=&#8221;no-repeat&#8221; bg_stretch=&#8221;true&#8221; bg_gradient=&#8221;horizontal&#8221; video_color_mask=&#8221;#ffffff&#8221; gr_end=&#8221;rgba(255,255,255,0)&#8221; video_opacity=&#8221;1&#8243; full_width=&#8221;true&#8221; padding_top=&#8221;120&#8243; padding_bottom=&#8221;120&#8243; first_page=&#8221;false&#8221; last_page=&#8221;false&#8221; sidebar=&#8221;sidebar-1&#8243;][vc_column width=&#8221;1\/2&#8243;][mk_fancy_title tag_name=&#8221;h1&#8243; color=&#8221;#1e2d3b&#8221; size=&#8221;48&#8243; force_font_size=&#8221;true&#8221; size_tablet=&#8221;30&#8243; size_phone=&#8221;19&#8243; font_weight=&#8221;bold&#8221; letter_spacing=&#8221;1&#8243; margin_bottom=&#8221;0&#8243; font_family=&#8221;Montserrat&#8221; font_type=&#8221;google&#8221; align=&#8221;center&#8221; drop_shadow=&#8221;true&#8221; shadow_angle=&#8221;0&#8243; shadow_distance=&#8221;0&#8243; shadow_color=&#8221;#ffffff&#8221;]A COMPANY EXPERIENCED IN TELECOMMUNICATION [\/mk_fancy_title][\/vc_column][vc_column width=&#8221;1\/2&#8243;][\/vc_column][\/mk_page_section][vc_row fullwidth=&#8221;true&#8221; fullwidth_content=&#8221;false&#8221; padding=&#8221;0&#8243; css=&#8221;.vc_custom_1603800887654{padding-top: 0px !important;padding-right: 0px !important;padding-bottom: 0px !important;padding-left: 0px !important;background-color: #f1f1f1 !important;}&#8221;][vc_column width=&#8221;1\/12&#8243;][\/vc_column][vc_column width=&#8221;5\/6&#8243;][mk_fancy_title [&hellip;]<\/p>\n","protected":false},"author":2,"featured_media":0,"parent":0,"menu_order":0,"comment_status":"open","ping_status":"open","template":"","meta":{"footnotes":""},"class_list":["post-6102","page","type-page","status-publish","hentry"],"yoast_head":"<!-- This site is optimized with the Yoast SEO plugin v26.8 - https:\/\/yoast.com\/product\/yoast-seo-wordpress\/ -->\n<title>Telecommunications Businesses | BDCL Inc.<\/title>\n<meta name=\"description\" content=\"Telecommunications businesses offering services in the South Shore, Quebec City and Gatineau areas \u2022 24\/7 Service \u2022 BDCL Inc. In Delson (450) 632-0582\" \/>\n<meta name=\"robots\" content=\"index, follow, max-snippet:-1, max-image-preview:large, max-video-preview:-1\" \/>\n<link rel=\"canonical\" href=\"https:\/\/bdcl.ca\/en\/about\/\" \/>\n<meta property=\"og:locale\" content=\"en_US\" \/>\n<meta property=\"og:type\" content=\"article\" \/>\n<meta property=\"og:title\" content=\"Telecommunications Businesses | BDCL Inc.\" \/>\n<meta property=\"og:description\" content=\"Telecommunications businesses offering services in the South Shore, Quebec City and Gatineau areas \u2022 24\/7 Service \u2022 BDCL Inc. In Delson (450) 632-0582\" \/>\n<meta property=\"og:url\" content=\"https:\/\/bdcl.ca\/en\/about\/\" \/>\n<meta property=\"og:site_name\" content=\"BDCL inc.\" \/>\n<meta property=\"article:modified_time\" content=\"2021-01-15T16:25:35+00:00\" \/>\n<meta name=\"twitter:card\" content=\"summary_large_image\" \/>\n<meta name=\"twitter:label1\" content=\"Est. reading time\" \/>\n\t<meta name=\"twitter:data1\" content=\"3 minutes\" \/>\n<script type=\"application\/ld+json\" class=\"yoast-schema-graph\">{\"@context\":\"https:\/\/schema.org\",\"@graph\":[{\"@type\":\"WebPage\",\"@id\":\"https:\/\/bdcl.ca\/en\/about\/\",\"url\":\"https:\/\/bdcl.ca\/en\/about\/\",\"name\":\"Telecommunications Businesses | BDCL Inc.\",\"isPartOf\":{\"@id\":\"https:\/\/bdcl.ca\/#website\"},\"datePublished\":\"2020-10-30T11:30:51+00:00\",\"dateModified\":\"2021-01-15T16:25:35+00:00\",\"description\":\"Telecommunications businesses offering services in the South Shore, Quebec City and Gatineau areas \u2022 24\/7 Service \u2022 BDCL Inc. In Delson (450) 632-0582\",\"breadcrumb\":{\"@id\":\"https:\/\/bdcl.ca\/en\/about\/#breadcrumb\"},\"inLanguage\":\"en-CA\",\"potentialAction\":[{\"@type\":\"ReadAction\",\"target\":[\"https:\/\/bdcl.ca\/en\/about\/\"]}]},{\"@type\":\"BreadcrumbList\",\"@id\":\"https:\/\/bdcl.ca\/en\/about\/#breadcrumb\",\"itemListElement\":[{\"@type\":\"ListItem\",\"position\":1,\"name\":\"Home\",\"item\":\"https:\/\/bdcl.ca\/en\/\"},{\"@type\":\"ListItem\",\"position\":2,\"name\":\"About\"}]},{\"@type\":\"WebSite\",\"@id\":\"https:\/\/bdcl.ca\/#website\",\"url\":\"https:\/\/bdcl.ca\/\",\"name\":\"BDCL inc.\",\"description\":\"\",\"potentialAction\":[{\"@type\":\"SearchAction\",\"target\":{\"@type\":\"EntryPoint\",\"urlTemplate\":\"https:\/\/bdcl.ca\/?s={search_term_string}\"},\"query-input\":{\"@type\":\"PropertyValueSpecification\",\"valueRequired\":true,\"valueName\":\"search_term_string\"}}],\"inLanguage\":\"en-CA\"}]}<\/script>\n<!-- \/ Yoast SEO plugin. -->","yoast_head_json":{"title":"Telecommunications Businesses | BDCL Inc.","description":"Telecommunications businesses offering services in the South Shore, Quebec City and Gatineau areas \u2022 24\/7 Service \u2022 BDCL Inc. In Delson (450) 632-0582","robots":{"index":"index","follow":"follow","max-snippet":"max-snippet:-1","max-image-preview":"max-image-preview:large","max-video-preview":"max-video-preview:-1"},"canonical":"https:\/\/bdcl.ca\/en\/about\/","og_locale":"en_US","og_type":"article","og_title":"Telecommunications Businesses | BDCL Inc.","og_description":"Telecommunications businesses offering services in the South Shore, Quebec City and Gatineau areas \u2022 24\/7 Service \u2022 BDCL Inc. In Delson (450) 632-0582","og_url":"https:\/\/bdcl.ca\/en\/about\/","og_site_name":"BDCL inc.","article_modified_time":"2021-01-15T16:25:35+00:00","twitter_card":"summary_large_image","twitter_misc":{"Est. reading time":"3 minutes"},"schema":{"@context":"https:\/\/schema.org","@graph":[{"@type":"WebPage","@id":"https:\/\/bdcl.ca\/en\/about\/","url":"https:\/\/bdcl.ca\/en\/about\/","name":"Telecommunications Businesses | BDCL Inc.","isPartOf":{"@id":"https:\/\/bdcl.ca\/#website"},"datePublished":"2020-10-30T11:30:51+00:00","dateModified":"2021-01-15T16:25:35+00:00","description":"Telecommunications businesses offering services in the South Shore, Quebec City and Gatineau areas \u2022 24\/7 Service \u2022 BDCL Inc. In Delson (450) 632-0582","breadcrumb":{"@id":"https:\/\/bdcl.ca\/en\/about\/#breadcrumb"},"inLanguage":"en-CA","potentialAction":[{"@type":"ReadAction","target":["https:\/\/bdcl.ca\/en\/about\/"]}]},{"@type":"BreadcrumbList","@id":"https:\/\/bdcl.ca\/en\/about\/#breadcrumb","itemListElement":[{"@type":"ListItem","position":1,"name":"Home","item":"https:\/\/bdcl.ca\/en\/"},{"@type":"ListItem","position":2,"name":"About"}]},{"@type":"WebSite","@id":"https:\/\/bdcl.ca\/#website","url":"https:\/\/bdcl.ca\/","name":"BDCL inc.","description":"","potentialAction":[{"@type":"SearchAction","target":{"@type":"EntryPoint","urlTemplate":"https:\/\/bdcl.ca\/?s={search_term_string}"},"query-input":{"@type":"PropertyValueSpecification","valueRequired":true,"valueName":"search_term_string"}}],"inLanguage":"en-CA"}]}},"_links":{"self":[{"href":"https:\/\/bdcl.ca\/en\/wp-json\/wp\/v2\/pages\/6102","targetHints":{"allow":["GET"]}}],"collection":[{"href":"https:\/\/bdcl.ca\/en\/wp-json\/wp\/v2\/pages"}],"about":[{"href":"https:\/\/bdcl.ca\/en\/wp-json\/wp\/v2\/types\/page"}],"author":[{"embeddable":true,"href":"https:\/\/bdcl.ca\/en\/wp-json\/wp\/v2\/users\/2"}],"replies":[{"embeddable":true,"href":"https:\/\/bdcl.ca\/en\/wp-json\/wp\/v2\/comments?post=6102"}],"version-history":[{"count":6,"href":"https:\/\/bdcl.ca\/en\/wp-json\/wp\/v2\/pages\/6102\/revisions"}],"predecessor-version":[{"id":6322,"href":"https:\/\/bdcl.ca\/en\/wp-json\/wp\/v2\/pages\/6102\/revisions\/6322"}],"wp:attachment":[{"href":"https:\/\/bdcl.ca\/en\/wp-json\/wp\/v2\/media?parent=6102"}],"curies":[{"name":"wp","href":"https:\/\/api.w.org\/{rel}","templated":true}]}}